{"id":637,"date":"2023-08-31T16:52:10","date_gmt":"2023-08-31T16:52:10","guid":{"rendered":"http:\/\/es.eurolatino.eu\/?page_id=637"},"modified":"2025-01-15T21:31:19","modified_gmt":"2025-01-15T21:31:19","slug":"constanza-nuestro-segundo-hogar","status":"publish","type":"page","link":"https:\/\/es.eurolatino.eu\/?page_id=637","title":{"rendered":"CONSTANZA"},"content":{"rendered":"\t\t<div data-elementor-type=\"wp-page\" data-elementor-id=\"637\" class=\"elementor elementor-637\" data-elementor-post-type=\"page\">\n\t\t\t\t\t\t<section class=\"elementor-section elementor-top-section elementor-element elementor-element-3b4499b elementor-section-boxed elementor-section-height-default elementor-section-height-default\" data-id=\"3b4499b\" data-element_type=\"section\" data-e-type=\"section\">\n\t\t\t\t\t\t<div class=\"elementor-container elementor-column-gap-default\">\n\t\t\t\t\t<div class=\"elementor-column elementor-col-33 elementor-top-column elementor-element elementor-element-b347338\" data-id=\"b347338\" data-element_type=\"column\" data-e-type=\"column\">\n\t\t\t<div class=\"elementor-widget-wrap elementor-element-populated\">\n\t\t\t\t\t\t<div class=\"elementor-element elementor-element-4c23763b elementor-widget elementor-widget-image\" data-id=\"4c23763b\" data-element_type=\"widget\" data-e-type=\"widget\" data-widget_type=\"image.default\">\n\t\t\t\t<div class=\"elementor-widget-container\">\n\t\t\t\t\t\t\t\t\t\t\t\t\t\t\t<img fetchpriority=\"high\" decoding=\"async\" width=\"768\" height=\"1024\" src=\"https:\/\/es.eurolatino.eu\/wp-content\/uploads\/2024\/05\/IMG_3939-768x1024.jpeg\" class=\"elementor-animation-grow attachment-large size-large wp-image-1643\" alt=\"\" srcset=\"https:\/\/es.eurolatino.eu\/wp-content\/uploads\/2024\/05\/IMG_3939-768x1024.jpeg 768w, https:\/\/es.eurolatino.eu\/wp-content\/uploads\/2024\/05\/IMG_3939-225x300.jpeg 225w, https:\/\/es.eurolatino.eu\/wp-content\/uploads\/2024\/05\/IMG_3939-1152x1536.jpeg 1152w, https:\/\/es.eurolatino.eu\/wp-content\/uploads\/2024\/05\/IMG_3939-1536x2048.jpeg 1536w, https:\/\/es.eurolatino.eu\/wp-content\/uploads\/2024\/05\/IMG_3939-scaled.jpeg 1920w\" sizes=\"(max-width: 768px) 100vw, 768px\" \/>\t\t\t\t\t\t\t\t\t\t\t\t\t\t\t<\/div>\n\t\t\t\t<\/div>\n\t\t\t\t<div class=\"elementor-element elementor-element-aef1ea8 elementor-widget__width-initial elementor-widget elementor-widget-text-editor\" data-id=\"aef1ea8\" data-element_type=\"widget\" data-e-type=\"widget\" data-widget_type=\"text-editor.default\">\n\t\t\t\t<div class=\"elementor-widget-container\">\n\t\t\t\t\t\t\t\t\t<p>En pleno centro de la ciudad se encuentra el puerto principal de la ciudad. Junto al puerto se levanta la estatua <b>Imperia<\/b>, obra del escultor\u00a0<a class=\"new\" title=\"Peter Lenk (a\u00fan no redactado)\" href=\"https:\/\/es.wikipedia.org\/w\/index.php?title=Peter_Lenk&amp;action=edit&amp;redlink=1\">Peter Lenk<\/a>, erigida en 1993. Est\u00e1 hecha de hormig\u00f3n, tiene 9 m de altura y pesa 18 toneladas. Cada 4 minutos da un giro completo sobre su eje. En el z\u00f3calo hay una instalaci\u00f3n para medir el nivel del agua. La estatua recuerda sat\u00edricamente al\u00a0<a title=\"Concilio de Constanza\" href=\"https:\/\/es.wikipedia.org\/wiki\/Concilio_de_Constanza\">Concilio de Constanza<\/a>\u00a0(1414-1418) y representa una cortesana voluptuosa con un gran escote. En sus manos en alto sostiene dos hombrecillos desnudos. El que est\u00e1 en la mano derecha porta la corona del emperador (<a class=\"mw-redirect\" title=\"Kaiser\" href=\"https:\/\/es.wikipedia.org\/wiki\/Kaiser\">Kaiser<\/a>) y tiene en la mano el globo imperial (<a title=\"Orbe (joya)\" href=\"https:\/\/es.wikipedia.org\/wiki\/Orbe_(joya)\">orbe (joya)<\/a>). La figura en la mano izquierda tiene la cabeza cubierta por una tiara papal y est\u00e1 sentada con las piernas cruzadas. No est\u00e1 claro si las figuras son retratos de gobernantes en la \u00e9poca del concilio (el emperador\u00a0<a title=\"Segismundo de Luxemburgo\" href=\"https:\/\/es.wikipedia.org\/wiki\/Segismundo_de_Luxemburgo\">Segismundo<\/a>\u00a0y el papa\u00a0<a title=\"Mart\u00edn V\" href=\"https:\/\/es.wikipedia.org\/wiki\/Mart%C3%ADn_V\">Mart\u00edn V<\/a>) o si se trata de personificaciones del poder mundano y espiritual.<\/p>\t\t\t\t\t\t\t\t<\/div>\n\t\t\t\t<\/div>\n\t\t\t\t\t<\/div>\n\t\t<\/div>\n\t\t\t\t<div class=\"elementor-column elementor-col-33 elementor-top-column elementor-element elementor-element-cee0657\" data-id=\"cee0657\" data-element_type=\"column\" data-e-type=\"column\">\n\t\t\t<div class=\"elementor-widget-wrap elementor-element-populated\">\n\t\t\t\t\t\t<div class=\"elementor-element elementor-element-2cff3a27 elementor-widget elementor-widget-heading\" data-id=\"2cff3a27\" data-element_type=\"widget\" data-e-type=\"widget\" data-widget_type=\"heading.default\">\n\t\t\t\t<div class=\"elementor-widget-container\">\n\t\t\t\t\t<h3 class=\"elementor-heading-title elementor-size-default\">Conoce Constanza al sur de Alemania <\/h3>\t\t\t\t<\/div>\n\t\t\t\t<\/div>\n\t\t\t\t<div class=\"elementor-element elementor-element-6a084d2d elementor-widget elementor-widget-image\" data-id=\"6a084d2d\" data-element_type=\"widget\" data-e-type=\"widget\" data-widget_type=\"image.default\">\n\t\t\t\t<div class=\"elementor-widget-container\">\n\t\t\t\t\t\t\t\t\t\t\t\t\t\t\t<img decoding=\"async\" width=\"1920\" height=\"2560\" src=\"https:\/\/es.eurolatino.eu\/wp-content\/uploads\/2023\/08\/IMG_6170-scaled.jpg\" class=\"elementor-animation-grow attachment-full size-full wp-image-606\" alt=\"\" srcset=\"https:\/\/es.eurolatino.eu\/wp-content\/uploads\/2023\/08\/IMG_6170-scaled.jpg 1920w, https:\/\/es.eurolatino.eu\/wp-content\/uploads\/2023\/08\/IMG_6170-225x300.jpg 225w, https:\/\/es.eurolatino.eu\/wp-content\/uploads\/2023\/08\/IMG_6170-768x1024.jpg 768w, https:\/\/es.eurolatino.eu\/wp-content\/uploads\/2023\/08\/IMG_6170-1152x1536.jpg 1152w, https:\/\/es.eurolatino.eu\/wp-content\/uploads\/2023\/08\/IMG_6170-1536x2048.jpg 1536w\" sizes=\"(max-width: 1920px) 100vw, 1920px\" \/>\t\t\t\t\t\t\t\t\t\t\t\t\t\t\t<\/div>\n\t\t\t\t<\/div>\n\t\t\t\t<div class=\"elementor-element elementor-element-12646fbd elementor-widget elementor-widget-text-editor\" data-id=\"12646fbd\" data-element_type=\"widget\" data-e-type=\"widget\" data-widget_type=\"text-editor.default\">\n\t\t\t\t<div class=\"elementor-widget-container\">\n\t\t\t\t\t\t\t\t\t<p><b>Constanza<\/b> esta ciudad pintoresca, en el sur de Alemania, ubicada en la orilla sur del <a title=\"Lago de Constanza\" href=\"https:\/\/es.wikipedia.org\/wiki\/Lago_de_Constanza\">lago de Constanza<\/a>\u00a0(<i>Bodensee<\/i>\u00a0en alem\u00e1n) y fronteriza con\u00a0<a title=\"Suiza\" href=\"https:\/\/es.wikipedia.org\/wiki\/Suiza\">Suiza<\/a>. Es la ciudad m\u00e1s grande y de mayor densidad poblacional de este gran lago, el m\u00e1s extenso de\u00a0<a title=\"Alemania\" href=\"https:\/\/es.wikipedia.org\/wiki\/Alemania\">Alemania<\/a>, alimentado por el r\u00edo\u00a0<a title=\"Rin\" href=\"https:\/\/es.wikipedia.org\/wiki\/Rin\">Rin<\/a>\u00a0y que comparte con dos pa\u00edses m\u00e1s: Suiza y\u00a0<a title=\"Austria\" href=\"https:\/\/es.wikipedia.org\/wiki\/Austria\">Austria<\/a>.\u00a0La ciudad de Constanza forma un solo casco urbano real junto con la localidad suiza de\u00a0<a title=\"Kreuzlingen\" href=\"https:\/\/es.wikipedia.org\/wiki\/Kreuzlingen\">Kreuzlingen<\/a>, Hay un puente que divide la ciudad en dos zonas, <span style=\"background-color: transparent; color: var(--global-palette4); font-family: var(--global-body-font-family);\">por su climatologia y un abanico de contrastes la\u00a0 convierte en destino tur\u00edstico\u00a0<\/span><\/p>\t\t\t\t\t\t\t\t<\/div>\n\t\t\t\t<\/div>\n\t\t\t\t<div class=\"elementor-element elementor-element-3e10aac elementor-widget__width-initial elementor-widget elementor-widget-google_maps\" data-id=\"3e10aac\" data-element_type=\"widget\" data-e-type=\"widget\" data-widget_type=\"google_maps.default\">\n\t\t\t\t<div class=\"elementor-widget-container\">\n\t\t\t\t\t\t\t<div class=\"elementor-custom-embed\">\n\t\t\t<iframe loading=\"lazy\"\n\t\t\t\t\tsrc=\"https:\/\/maps.google.com\/maps?q=constanza&#038;t=m&#038;z=10&#038;output=embed&#038;iwloc=near\"\n\t\t\t\t\ttitle=\"constanza\"\n\t\t\t\t\taria-label=\"constanza\"\n\t\t\t><\/iframe>\n\t\t<\/div>\n\t\t\t\t\t\t<\/div>\n\t\t\t\t<\/div>\n\t\t\t\t\t<\/div>\n\t\t<\/div>\n\t\t\t\t<div class=\"elementor-column elementor-col-33 elementor-top-column elementor-element elementor-element-81aa931\" data-id=\"81aa931\" data-element_type=\"column\" data-e-type=\"column\">\n\t\t\t<div class=\"elementor-widget-wrap elementor-element-populated\">\n\t\t\t\t\t\t<div class=\"elementor-element elementor-element-268e2441 elementor-widget elementor-widget-image\" data-id=\"268e2441\" data-element_type=\"widget\" data-e-type=\"widget\" data-widget_type=\"image.default\">\n\t\t\t\t<div class=\"elementor-widget-container\">\n\t\t\t\t\t\t\t\t\t\t\t\t\t\t\t<img decoding=\"async\" width=\"1024\" height=\"682\" src=\"https:\/\/es.eurolatino.eu\/wp-content\/uploads\/2023\/08\/2014.08.16-Konstanz-3-1024x682.jpg\" class=\"elementor-animation-grow attachment-large size-large wp-image-756\" alt=\"\" srcset=\"https:\/\/es.eurolatino.eu\/wp-content\/uploads\/2023\/08\/2014.08.16-Konstanz-3-1024x682.jpg 1024w, https:\/\/es.eurolatino.eu\/wp-content\/uploads\/2023\/08\/2014.08.16-Konstanz-3-300x200.jpg 300w, https:\/\/es.eurolatino.eu\/wp-content\/uploads\/2023\/08\/2014.08.16-Konstanz-3-768x512.jpg 768w, https:\/\/es.eurolatino.eu\/wp-content\/uploads\/2023\/08\/2014.08.16-Konstanz-3-1536x1023.jpg 1536w, https:\/\/es.eurolatino.eu\/wp-content\/uploads\/2023\/08\/2014.08.16-Konstanz-3-2048x1364.jpg 2048w\" sizes=\"(max-width: 1024px) 100vw, 1024px\" \/>\t\t\t\t\t\t\t\t\t\t\t\t\t\t\t<\/div>\n\t\t\t\t<\/div>\n\t\t\t\t<div class=\"elementor-element elementor-element-71398f4 elementor-widget elementor-widget-text-editor\" data-id=\"71398f4\" data-element_type=\"widget\" data-e-type=\"widget\" data-widget_type=\"text-editor.default\">\n\t\t\t\t<div class=\"elementor-widget-container\">\n\t\t\t\t\t\t\t\t\t<p><span style=\"background-color: transparent; color: var(--global-palette4); font-family: var(--global-body-font-family);\">Durante la\u00a0<\/span><a style=\"font-family: var(--global-body-font-family);\" title=\"Segunda Guerra Mundial\" href=\"https:\/\/es.wikipedia.org\/wiki\/Segunda_Guerra_Mundial\">Segunda Guerra Mundial<\/a><span style=\"background-color: transparent; color: var(--global-palette4); font-family: var(--global-body-font-family);\">, la ciudad se libr\u00f3 de los bombardeos gracias a su vecindad con Suiza, pero s\u00ed sufri\u00f3 otras desgracias de la guerra, como la expulsi\u00f3n de su poblaci\u00f3n\u00a0<\/span><a class=\"mw-redirect\" style=\"font-family: var(--global-body-font-family);\" title=\"Jud\u00edo\" href=\"https:\/\/es.wikipedia.org\/wiki\/Jud%C3%ADo\">jud\u00eda<\/a><span style=\"background-color: transparent; color: var(--global-palette4); font-family: var(--global-body-font-family);\">\u00a0y la desaparici\u00f3n de su\u00a0<\/span><a style=\"font-family: var(--global-body-font-family);\" title=\"Sinagoga\" href=\"https:\/\/es.wikipedia.org\/wiki\/Sinagoga\">sinagoga<\/a><span style=\"background-color: transparent; color: var(--global-palette4); font-family: var(--global-body-font-family);\">.\u00a0\u00a0<\/span><span style=\"background-color: transparent; color: var(--global-palette4); font-family: var(--global-body-font-family);\">Desde el mismo puente sobre el Rin (<\/span><b style=\"background-color: transparent; color: var(--global-palette4); font-family: var(--global-body-font-family);\">Rheinbr\u00fccke<\/b><span style=\"background-color: transparent; color: var(--global-palette4); font-family: var(--global-body-font-family);\">) que accede al casco antiguo desde el norte de la ciudad, se observan dos de los monumentos m\u00e1s caracter\u00edsticos de la ciudad: las torres de\u00a0<\/span><i style=\"background-color: transparent; color: var(--global-palette4); font-family: var(--global-body-font-family);\">Pulverturm<\/i><span style=\"background-color: transparent; color: var(--global-palette4); font-family: var(--global-body-font-family);\">\u00a0y\u00a0<\/span><i style=\"background-color: transparent; color: var(--global-palette4); font-family: var(--global-body-font-family);\">Rheintorturm<\/i><span style=\"background-color: transparent; color: var(--global-palette4); font-family: var(--global-body-font-family);\">, de origen medieval.\u00a0<\/span><span style=\"background-color: transparent; color: var(--global-palette4); font-family: var(--global-body-font-family);\">M\u00e1s hacia el centro de la ciudad antigua destacan las plazas m\u00e1s importantes, la\u00a0<\/span><b style=\"background-color: transparent; color: var(--global-palette4); font-family: var(--global-body-font-family);\">Markst\u00e4tte<\/b><span style=\"background-color: transparent; color: var(--global-palette4); font-family: var(--global-body-font-family);\">\u00a0y la\u00a0<\/span><b style=\"background-color: transparent; color: var(--global-palette4); font-family: var(--global-body-font-family);\">M\u00fcnsterplatz<\/b><span style=\"background-color: transparent; color: var(--global-palette4); font-family: var(--global-body-font-family);\">, donde, como indica su nombre, se halla la\u00a0<\/span><b style=\"background-color: transparent; color: var(--global-palette4); font-family: var(--global-body-font-family);\">catedral de Nuestra Se\u00f1ora<\/b><span style=\"background-color: transparent; color: var(--global-palette4); font-family: var(--global-body-font-family);\">. Dentro de la misma es destacable la cripta rom\u00e1nica primigenia, construida entre los a\u00f1os 1052 y 1089 y situada bajo el altar actual.\u00a0<\/span><\/p>\t\t\t\t\t\t\t\t<\/div>\n\t\t\t\t<\/div>\n\t\t\t\t\t<\/div>\n\t\t<\/div>\n\t\t\t\t\t<\/div>\n\t\t<\/section>\n\t\t\t\t<\/div>\n\t\t","protected":false},"excerpt":{"rendered":"<p>En pleno centro de la ciudad se encuentra el puerto principal de la ciudad. Junto al puerto se levanta la estatua Imperia, obra del escultor\u00a0Peter Lenk, erigida en 1993. Est\u00e1 hecha de hormig\u00f3n, tiene 9 m de altura y pesa 18 toneladas. Cada 4 minutos da un giro completo sobre su eje. En el z\u00f3calo&#8230;<\/p>\n","protected":false},"author":1,"featured_media":0,"parent":0,"menu_order":0,"comment_status":"closed","ping_status":"closed","template":"","meta":{"_kadence_starter_templates_imported_post":false,"_kad_post_transparent":"default","_kad_post_title":"hide","_kad_post_layout":"right","_kad_post_sidebar_id":"","_kad_post_content_style":"unboxed","_kad_post_vertical_padding":"hide","_kad_post_feature":"hide","_kad_post_feature_position":"above","_kad_post_header":false,"_kad_post_footer":false,"_kad_post_classname":"","_glsr_average":0,"_glsr_ranking":0,"_glsr_reviews":0,"footnotes":""},"class_list":["post-637","page","type-page","status-publish","hentry"],"_links":{"self":[{"href":"https:\/\/es.eurolatino.eu\/index.php?rest_route=\/wp\/v2\/pages\/637","targetHints":{"allow":["GET"]}}],"collection":[{"href":"https:\/\/es.eurolatino.eu\/index.php?rest_route=\/wp\/v2\/pages"}],"about":[{"href":"https:\/\/es.eurolatino.eu\/index.php?rest_route=\/wp\/v2\/types\/page"}],"author":[{"embeddable":true,"href":"https:\/\/es.eurolatino.eu\/index.php?rest_route=\/wp\/v2\/users\/1"}],"replies":[{"embeddable":true,"href":"https:\/\/es.eurolatino.eu\/index.php?rest_route=%2Fwp%2Fv2%2Fcomments&post=637"}],"version-history":[{"count":70,"href":"https:\/\/es.eurolatino.eu\/index.php?rest_route=\/wp\/v2\/pages\/637\/revisions"}],"predecessor-version":[{"id":3207,"href":"https:\/\/es.eurolatino.eu\/index.php?rest_route=\/wp\/v2\/pages\/637\/revisions\/3207"}],"wp:attachment":[{"href":"https:\/\/es.eurolatino.eu\/index.php?rest_route=%2Fwp%2Fv2%2Fmedia&parent=637"}],"curies":[{"name":"wp","href":"https:\/\/api.w.org\/{rel}","templated":true}]}}